{"id":13,"date":"2017-11-29T01:40:01","date_gmt":"2017-11-28T22:40:01","guid":{"rendered":"http:\/\/ferminlafitte.edu.ar\/web\/?page_id=13"},"modified":"2021-07-02T19:06:09","modified_gmt":"2021-07-02T16:06:09","slug":"nivel-inicial","status":"publish","type":"page","link":"https:\/\/ferminlafitte.edu.ar\/web\/nivel-inicial\/","title":{"rendered":"Nivel Inicial"},"content":{"rendered":"\n<p class=\"has-text-align-left\">Estimadas Familias de nuestra querida Escuela, y toda persona o Instituci\u00f3n que nos est\u00e9 visitando:  <br \/>Estamos preparando este espacio para seguir acerc\u00e1ndonos a cada uno por todos los medios posibles, para encontrarnos y permanecer unidos en la Educaci\u00f3n de los m\u00e1s peque\u00f1os.  <strong>\u201cPara nosotros, Educar es Humanizar\u2026 Dejando huellas en los estudiantes, abriendo caminos para un mejor futuro y construyendo puentes que nos hermanen, en nuestra peque\u00f1a gran Escuela y en nuestra Sociedad.\u201d<\/strong> <br \/><br \/>Acercamos en primera instancia, esta informaci\u00f3n que nos han comenzado a consultar y solicitar, y nos seguimos encontrando virtualmente, hasta que Dios y los gobernantes dispongan&#8230; \u00a1Hasta pronto! \u00a1Y Bienvenidos al Nivel Inicial del Lafitte!<\/p>\n\n\n\n<p><\/p>\n\n\n\n<figure class=\"wp-block-image size-large is-resized\"><a href=\"https:\/\/ferminlafitte.edu.ar\/web\/wp-content\/uploads\/2021\/07\/Preinscripciones-2022.png\"><img loading=\"lazy\" src=\"https:\/\/ferminlafitte.edu.ar\/web\/wp-content\/uploads\/2021\/07\/Preinscripciones-2022.png\" alt=\"\" class=\"wp-image-587\" width=\"607\" height=\"684\" srcset=\"https:\/\/ferminlafitte.edu.ar\/web\/wp-content\/uploads\/2021\/07\/Preinscripciones-2022.png 607w, https:\/\/ferminlafitte.edu.ar\/web\/wp-content\/uploads\/2021\/07\/Preinscripciones-2022-266x300.png 266w\" sizes=\"(max-width: 607px) 100vw, 607px\" \/><\/a><\/figure>\n\n\n\n<p><\/p>\n","protected":false},"excerpt":{"rendered":"<p>Estimadas Familias de nuestra querida Escuela, y toda persona o Instituci\u00f3n que nos est\u00e9 visitando: Estamos preparando este espacio para seguir acerc\u00e1ndonos a cada uno por todos los medios posibles, para encontrarnos y permanecer unidos en la Educaci\u00f3n de los &hellip; <a href=\"https:\/\/ferminlafitte.edu.ar\/web\/nivel-inicial\/\">Sigue leyendo <span class=\"meta-nav\">&rarr;<\/span><\/a><\/p>\n","protected":false},"author":3,"featured_media":0,"parent":0,"menu_order":0,"comment_status":"closed","ping_status":"closed","template":"","meta":[],"_links":{"self":[{"href":"https:\/\/ferminlafitte.edu.ar\/web\/wp-json\/wp\/v2\/pages\/13"}],"collection":[{"href":"https:\/\/ferminlafitte.edu.ar\/web\/wp-json\/wp\/v2\/pages"}],"about":[{"href":"https:\/\/ferminlafitte.edu.ar\/web\/wp-json\/wp\/v2\/types\/page"}],"author":[{"embeddable":true,"href":"https:\/\/ferminlafitte.edu.ar\/web\/wp-json\/wp\/v2\/users\/3"}],"replies":[{"embeddable":true,"href":"https:\/\/ferminlafitte.edu.ar\/web\/wp-json\/wp\/v2\/comments?post=13"}],"version-history":[{"count":13,"href":"https:\/\/ferminlafitte.edu.ar\/web\/wp-json\/wp\/v2\/pages\/13\/revisions"}],"predecessor-version":[{"id":592,"href":"https:\/\/ferminlafitte.edu.ar\/web\/wp-json\/wp\/v2\/pages\/13\/revisions\/592"}],"wp:attachment":[{"href":"https:\/\/ferminlafitte.edu.ar\/web\/wp-json\/wp\/v2\/media?parent=13"}],"curies":[{"name":"wp","href":"https:\/\/api.w.org\/{rel}","templated":true}]}}