{"id":19,"date":"2017-11-29T01:35:06","date_gmt":"2017-11-28T22:35:06","guid":{"rendered":"http:\/\/ferminlafitte.edu.ar\/web\/?page_id=19"},"modified":"2021-03-27T18:41:14","modified_gmt":"2021-03-27T15:41:14","slug":"pastoral","status":"publish","type":"page","link":"https:\/\/ferminlafitte.edu.ar\/web\/pastoral\/","title":{"rendered":"Pastoral"},"content":{"rendered":"<div><b>E<\/b>l Proyecto Educativo de nuestra Instituci\u00f3n contempla el \u00c1rea Pastoral como una forma de evangelizar y transmitir los valores cristianos y humanos que creemos fundamentales para que nuestros alumnos desarrollen una madurez integral. Nuestro horizonte es Cristo y sus ense\u00f1anzas. Invocamos como nuestro modelo e intercesora a Nuestra Se\u00f1ora de Luj\u00e1n, Patrona de nuestra comunidad pastoral.<\/div>\n<div>\n<div class=\"separator\"><a href=\"http:\/\/radiomaria.org.ar\/contenido\/uploads\/2017\/05\/Lujan-Papa-Fran-2.jpg\"><img loading=\"lazy\" class=\"aligncenter\" src=\"http:\/\/radiomaria.org.ar\/contenido\/uploads\/2017\/05\/Lujan-Papa-Fran-2.jpg\" width=\"400\" height=\"255\" border=\"0\" data-original-height=\"377\" data-original-width=\"589\" \/><\/a><\/div>\n<div style=\"text-align: center;\">Imagen de la Virgen de Lujan<\/div>\n<\/div>\n<div>Los modos concretos como cristalizamos dicho proyecto y mas all\u00e1 de que la evangelizaci\u00f3n es transversal a la curricula, promovemos: la oraci\u00f3n diaria, la Misa mensual, las convivencias por cursos (donde se reflexiona sobre los valores promovidos), el retiro de Cuarto y de Sexto a\u00f1o, el di\u00e1logo espiritual con los catequistas y con el Padre Mario y la invitaci\u00f3n a los Sacramentos prepar\u00e1ndose en el \u00e1mbito parroquial. Nuestra Coordinadora de Pastoral, la Profesora Claudia Acosta acompa\u00f1a esta \u00c1rea siendo v\u00ednculo y nexo entre nuestra Instituci\u00f3n y la Parroquia<\/div>\n<div>\u00a0<\/div>\n\n\n<p><strong><em><span style=\"color:#7600a3\" class=\"has-inline-color\">DOMINGO DE RAMOS 2021<\/span><\/em><\/strong><\/p>\n\n\n\n<figure class=\"wp-block-image size-large\"><a href=\"https:\/\/ferminlafitte.edu.ar\/web\/wp-content\/uploads\/2021\/03\/ramos-3.jpg\"><img loading=\"lazy\" width=\"560\" height=\"383\" src=\"https:\/\/ferminlafitte.edu.ar\/web\/wp-content\/uploads\/2021\/03\/ramos-3.jpg\" alt=\"\" class=\"wp-image-525\" srcset=\"https:\/\/ferminlafitte.edu.ar\/web\/wp-content\/uploads\/2021\/03\/ramos-3.jpg 560w, https:\/\/ferminlafitte.edu.ar\/web\/wp-content\/uploads\/2021\/03\/ramos-3-300x205.jpg 300w, https:\/\/ferminlafitte.edu.ar\/web\/wp-content\/uploads\/2021\/03\/ramos-3-439x300.jpg 439w\" sizes=\"(max-width: 560px) 100vw, 560px\" \/><\/a><\/figure>\n\n\n\n<p>En un a\u00f1o especial Los Ramos  se agitan este Domingo como signo de reconocimiento de Jes\u00fas como Se\u00f1or y Mes\u00edas. \u00c9l es la Buena Noticia para tu vida, nos anuncia que la muerte no tiene la \u00faltima palabra. Los Ramos son signos de Alegr\u00eda y  anuncio de Esperanza en tiempos donde necesitamos elevar nuestra voz a modo de Alabanza y anunciar que la Vida es una Oportunidad. <\/p>\n\n\n\n<p>Te invitamos a subir la foto de tu ramo al siguiente link y escribe una oraci\u00f3n de Alabanza a Jes\u00fas que entra al coraz\u00f3n de tu Vida. <\/p>\n\n\n\n<p><a href=\"https:\/\/padlet.com\/claudialafitte2021\/5v9gz1veog39z86g\">https:\/\/padlet.com\/claudialafitte2021\/5v9gz1veog39z86g<\/a><\/p>\n\n\n\n<p>Invitamos a que el S\u00e1bado 27 Marzo 2021, por la tarde, o Domingo 28 Marzo 2021, por la ma\u00f1ana, coloquemos una palma en la puerta de casa, para que el <strong>Domingo de Ramos<\/strong>, miremos con alegr\u00eda todas las casas con una palma en se\u00f1al de alegr\u00eda y esperanza en este tiempo donde tanto lo necesitamos.Puede ser cualquier rama o palma verde que consigas o tengas en tu jard\u00edn. Para que, a pesar de no poder participar en las celebraciones, estemos unidos en el esp\u00edritu en la Semana Santa. <\/p>\n","protected":false},"excerpt":{"rendered":"<p>El Proyecto Educativo de nuestra Instituci\u00f3n contempla el \u00c1rea Pastoral como una forma de evangelizar y transmitir los valores cristianos y humanos que creemos fundamentales para que nuestros alumnos desarrollen una madurez integral. Nuestro horizonte es Cristo y sus ense\u00f1anzas. &hellip; <a href=\"https:\/\/ferminlafitte.edu.ar\/web\/pastoral\/\">Sigue leyendo <span class=\"meta-nav\">&rarr;<\/span><\/a><\/p>\n","protected":false},"author":3,"featured_media":0,"parent":0,"menu_order":0,"comment_status":"closed","ping_status":"closed","template":"","meta":[],"_links":{"self":[{"href":"https:\/\/ferminlafitte.edu.ar\/web\/wp-json\/wp\/v2\/pages\/19"}],"collection":[{"href":"https:\/\/ferminlafitte.edu.ar\/web\/wp-json\/wp\/v2\/pages"}],"about":[{"href":"https:\/\/ferminlafitte.edu.ar\/web\/wp-json\/wp\/v2\/types\/page"}],"author":[{"embeddable":true,"href":"https:\/\/ferminlafitte.edu.ar\/web\/wp-json\/wp\/v2\/users\/3"}],"replies":[{"embeddable":true,"href":"https:\/\/ferminlafitte.edu.ar\/web\/wp-json\/wp\/v2\/comments?post=19"}],"version-history":[{"count":8,"href":"https:\/\/ferminlafitte.edu.ar\/web\/wp-json\/wp\/v2\/pages\/19\/revisions"}],"predecessor-version":[{"id":524,"href":"https:\/\/ferminlafitte.edu.ar\/web\/wp-json\/wp\/v2\/pages\/19\/revisions\/524"}],"wp:attachment":[{"href":"https:\/\/ferminlafitte.edu.ar\/web\/wp-json\/wp\/v2\/media?parent=19"}],"curies":[{"name":"wp","href":"https:\/\/api.w.org\/{rel}","templated":true}]}}