{"id":2,"date":"2013-11-06T11:55:36","date_gmt":"2013-11-06T11:55:36","guid":{"rendered":"http:\/\/ferminlafitte.edu.ar\/web\/?page_id=2"},"modified":"2017-11-29T02:13:03","modified_gmt":"2017-11-28T23:13:03","slug":"institucionak","status":"publish","type":"page","link":"https:\/\/ferminlafitte.edu.ar\/web\/institucionak\/","title":{"rendered":"INSTITUCIONAL"},"content":{"rendered":"<div class=\"mod\" data-md=\"1002\" data-hveid=\"129\" data-ved=\"0ahUKEwjnyeftp-LXAhVFlJAKHQDZDYQQkCkIgQEoAjAP\">\n<div class=\"_eFb\">\n<div class=\"_mr kno-fb-ctx\" data-dtype=\"d3adr\" data-local-attribute=\"d3adr\" data-ved=\"0ahUKEwjnyeftp-LXAhVFlJAKHQDZDYQQghwIggEoADAP\"><span class=\"_xdb\">Direcci\u00f3n:\u00a0<\/span><span class=\"_Xbe\">Francisco Valles 2443, Los Para\u00edsos, X5008JCA C\u00f3rdoba<\/span><\/div>\n<\/div>\n<\/div>\n<div class=\"mod\" data-md=\"1006\" data-hveid=\"132\" data-ved=\"0ahUKEwjnyeftp-LXAhVFlJAKHQDZDYQQkCkIhAEoAzAQ\">\n<div class=\"_eFb\">\n<div class=\"_mr kno-fb-ctx\" data-dtype=\"d3ph\" data-local-attribute=\"d3ph\" data-ved=\"0ahUKEwjnyeftp-LXAhVFlJAKHQDZDYQQ8I0BCIUBKAAwEA\"><span class=\"_xdb\">Tel\u00e9fono:\u00a0<\/span><span class=\"_Xbe _ZWk kno-fv\"><span data-dtype=\"d3ph\" data-local-attribute=\"d3ph\">0351 471-5830<\/span><\/span><\/div>\n<\/div>\n<\/div>\n<div class=\"mod\" data-md=\"1001\" data-hveid=\"136\" data-ved=\"0ahUKEwjnyeftp-LXAhVFlJAKHQDZDYQQkCkIiAEoBDAR\">\n<div class=\"_eFb\">\n<div class=\"_mr kno-fb-ctx\" data-attrid=\"kc:\/location\/location:province\" data-ved=\"0ahUKEwjnyeftp-LXAhVFlJAKHQDZDYQQyxMIiQEoADAR\"><span class=\"_xdb\">Provincia:\u00a0<\/span><span class=\"_Xbe kno-fv\">Provincia de C\u00f3rdoba<\/span><\/div>\n<\/div>\n<\/div>\n<div data-attrid=\"kc:\/location\/location:province\" data-ved=\"0ahUKEwjnyeftp-LXAhVFlJAKHQDZDYQQyxMIiQEoADAR\"><\/div>\n<p><iframe src=\"https:\/\/maps.google.com.ar\/maps\/ms?t=m&amp;msa=0&amp;msid=210363771580125936665.0004c1d6b51e8e3b3ae79&amp;ie=UTF8&amp;ll=-31.384655,-64.195669&amp;spn=0.008793,0.013733&amp;z=16&amp;output=embed\" name=\"I1\" width=\"773\" height=\"378\" frameborder=\"0\" marginwidth=\"0\" marginheight=\"0\" scrolling=\"no\"><\/iframe><\/p>\n","protected":false},"excerpt":{"rendered":"<p>Direcci\u00f3n:\u00a0Francisco Valles 2443, Los Para\u00edsos, X5008JCA C\u00f3rdoba Tel\u00e9fono:\u00a00351 471-5830 Provincia:\u00a0Provincia de C\u00f3rdoba<\/p>\n","protected":false},"author":3,"featured_media":0,"parent":0,"menu_order":0,"comment_status":"closed","ping_status":"closed","template":"sidebar-page.php","meta":[],"_links":{"self":[{"href":"https:\/\/ferminlafitte.edu.ar\/web\/wp-json\/wp\/v2\/pages\/2"}],"collection":[{"href":"https:\/\/ferminlafitte.edu.ar\/web\/wp-json\/wp\/v2\/pages"}],"about":[{"href":"https:\/\/ferminlafitte.edu.ar\/web\/wp-json\/wp\/v2\/types\/page"}],"author":[{"embeddable":true,"href":"https:\/\/ferminlafitte.edu.ar\/web\/wp-json\/wp\/v2\/users\/3"}],"replies":[{"embeddable":true,"href":"https:\/\/ferminlafitte.edu.ar\/web\/wp-json\/wp\/v2\/comments?post=2"}],"version-history":[{"count":3,"href":"https:\/\/ferminlafitte.edu.ar\/web\/wp-json\/wp\/v2\/pages\/2\/revisions"}],"predecessor-version":[{"id":37,"href":"https:\/\/ferminlafitte.edu.ar\/web\/wp-json\/wp\/v2\/pages\/2\/revisions\/37"}],"wp:attachment":[{"href":"https:\/\/ferminlafitte.edu.ar\/web\/wp-json\/wp\/v2\/media?parent=2"}],"curies":[{"name":"wp","href":"https:\/\/api.w.org\/{rel}","templated":true}]}}